{"id":13,"date":"2026-03-23T14:28:16","date_gmt":"2026-03-23T14:28:16","guid":{"rendered":"https:\/\/taznilu.click\/?page_id=13"},"modified":"2026-03-23T14:28:19","modified_gmt":"2026-03-23T14:28:19","slug":"materialaesthetik","status":"publish","type":"page","link":"https:\/\/taznilu.click\/?page_id=13","title":{"rendered":"Material\u00e4sthetik"},"content":{"rendered":"\n<figure class=\"wp-block-image size-full\"><img loading=\"lazy\" decoding=\"async\" width=\"1000\" height=\"750\" src=\"https:\/\/taznilu.click\/wp-content\/uploads\/2026\/03\/BRuLdExw0J91.jpg\" alt=\"\" class=\"wp-image-14\" srcset=\"https:\/\/taznilu.click\/wp-content\/uploads\/2026\/03\/BRuLdExw0J91.jpg 1000w, https:\/\/taznilu.click\/wp-content\/uploads\/2026\/03\/BRuLdExw0J91-300x225.jpg 300w, https:\/\/taznilu.click\/wp-content\/uploads\/2026\/03\/BRuLdExw0J91-768x576.jpg 768w\" sizes=\"auto, (max-width: 1000px) 100vw, 1000px\" \/><\/figure>\n\n\n\n<p>Die Wahl der Materialien ist bei <strong>taznilu<\/strong> ein Prozess der sensorischen Kuration. Ha-Rim Lee glaubt, dass die Haptik eines Raumes genauso wichtig ist wie seine Optik. In unserem Studio in Linz w\u00e4hlen wir Texturen aus, die eine Geschichte erz\u00e4hlen und \u00fcber die Jahre an Charakter gewinnen. Wir vermeiden k\u00fcnstliche Oberfl\u00e4chen und setzen stattdessen auf ehrliche, nat\u00fcrliche Werkstoffe. Die Material\u00e4sthetik von taznilu ist gepr\u00e4gt durch den Kontrast von rauen und glatten Oberfl\u00e4chen, von W\u00e4rme und K\u00fchle.<\/p>\n\n\n\n<h3 class=\"wp-block-heading\">Die Sprache der Texturen<\/h3>\n\n\n\n<p>Ein Raum wird erst durch das Zusammenspiel der Oberfl\u00e4chen lebendig. Wir kuratieren Material-Paletten, die alle Sinne ansprechen:<\/p>\n\n\n\n<ol start=\"1\" class=\"wp-block-list\">\n<li><strong>Naturstein und Mineralien:<\/strong> Wir nutzen regionalen Granit oder feinen Marmor nicht nur als Arbeitsfl\u00e4che, sondern als skulpturale Elemente, die Best\u00e4ndigkeit und K\u00fchle vermitteln.<\/li>\n\n\n\n<li><strong>Organische H\u00f6lzer:<\/strong> Ge\u00f6lte Eiche oder dunkler Nussbaum bringen W\u00e4rme und eine organische Zellstruktur in das Interieur. Wir achten auf die Maserung, um die Dynamik des Raumes zu unterst\u00fctzen.<\/li>\n\n\n\n<li><strong>Textile Layer:<\/strong> Leinen, Wolle und Seide dienen als haptische Weichzeichner. Sie absorbieren Schall und bieten eine sanfte Kontaktfl\u00e4che f\u00fcr den menschlichen K\u00f6rper.<\/li>\n\n\n\n<li><strong>Metalle:<\/strong> Messing oder geschw\u00e4rzter Stahl setzen pr\u00e4zise Akzente und definieren die Kanten der Architektur.<\/li>\n<\/ol>\n\n\n\n<h3 class=\"wp-block-heading\">Nachhaltigkeit als Qualit\u00e4tsmerkmal<\/h3>\n\n\n\n<p>F\u00fcr Ha-Rim Lee ist ein Design nur dann exzellent, wenn es ethisch vertretbar ist. In der Volksfeststra\u00dfe 17 bevorzugen wir Materialien mit geringem \u00f6kologischem Fu\u00dfabdruck und hoher Langlebigkeit. Wir arbeiten eng mit Handwerkern aus dem Raum Linz zusammen, die traditionelle Techniken beherrschen. Ein Tisch aus Massivholz oder eine handgefertigte Keramikfliese von taznilu ist eine Investition, die Jahrzehnte \u00fcberdauert. Wir verstehen Nachhaltigkeit nicht als Trend, sondern als fundamentale Verantwortung gegen\u00fcber dem Raum und der Umwelt.<\/p>\n","protected":false},"excerpt":{"rendered":"<p>Die Wahl der Materialien ist bei taznilu ein Prozess der sensorischen Kuration. Ha-Rim Lee glaubt, dass die Haptik eines Raumes genauso wichtig ist wie seine Optik. In unserem Studio in Linz w\u00e4hlen wir Texturen aus, die eine Geschichte erz\u00e4hlen und \u00fcber die Jahre an Charakter gewinnen. Wir vermeiden k\u00fcnstliche Oberfl\u00e4chen und setzen stattdessen auf ehrliche,&#8230;<\/p>\n","protected":false},"author":1,"featured_media":0,"parent":0,"menu_order":2,"comment_status":"closed","ping_status":"closed","template":"","meta":{"footnotes":""},"class_list":["post-13","page","type-page","status-publish","hentry"],"_links":{"self":[{"href":"https:\/\/taznilu.click\/index.php?rest_route=\/wp\/v2\/pages\/13","targetHints":{"allow":["GET"]}}],"collection":[{"href":"https:\/\/taznilu.click\/index.php?rest_route=\/wp\/v2\/pages"}],"about":[{"href":"https:\/\/taznilu.click\/index.php?rest_route=\/wp\/v2\/types\/page"}],"author":[{"embeddable":true,"href":"https:\/\/taznilu.click\/index.php?rest_route=\/wp\/v2\/users\/1"}],"replies":[{"embeddable":true,"href":"https:\/\/taznilu.click\/index.php?rest_route=%2Fwp%2Fv2%2Fcomments&post=13"}],"version-history":[{"count":1,"href":"https:\/\/taznilu.click\/index.php?rest_route=\/wp\/v2\/pages\/13\/revisions"}],"predecessor-version":[{"id":15,"href":"https:\/\/taznilu.click\/index.php?rest_route=\/wp\/v2\/pages\/13\/revisions\/15"}],"wp:attachment":[{"href":"https:\/\/taznilu.click\/index.php?rest_route=%2Fwp%2Fv2%2Fmedia&parent=13"}],"curies":[{"name":"wp","href":"https:\/\/api.w.org\/{rel}","templated":true}]}}